{"id":1491,"date":"2025-11-05T13:51:55","date_gmt":"2025-11-05T13:51:55","guid":{"rendered":"https:\/\/sisosahomes.it\/?page_id=1491"},"modified":"2026-02-25T09:14:07","modified_gmt":"2026-02-25T09:14:07","slug":"experiences","status":"publish","type":"page","link":"https:\/\/sisosahomes.it\/en\/esperienze\/","title":{"rendered":"Experiences"},"content":{"rendered":"<section class=\"bde-section-1491-131 bde-section\">\n              \n  \n  \n\t\n\n  <div class=\"section-background-overlay\"><\/div>\n\n\n<div class=\"section-container\"><h1 class=\"bde-heading-1491-132 bde-heading\">\nExperiences\n<\/h1><div class=\"bde-text-1491-500 bde-text\">\nSisosa Homes \u00e8 un punto di partenza per scoprire tramonti infuocati sulle saline, degustazioni di vini leggendari e acque cristalline.\n<\/div><\/div>\n<\/section><section class=\"bde-section-1491-525 bde-section\">\n  \n  \n\t\n\n\n\n<div class=\"section-container\"><div class=\"bde-grid-1491-526 bde-grid\">\n  \n  \n\t\n\n\n\n<div class=\"bde-div-1491-527 bde-div\">\n              \n  \n  \n\t\n\n  <div class=\"section-background-overlay\"><\/div>\n\n\n<h3 class=\"bde-heading-1491-271 bde-heading\">\nHistoric centre of Marsala\n<\/h3><div class=\"bde-text-1491-326 bde-text\">\nIl cuore pulsante della citt\u00e0 \u00e8 un salotto di marmo e storia. Passeggiando lungo via XI Maggio (il Cassaro), potrai ammirare la maestosit\u00e0 del Duomo, i palazzi nobiliari e i bastioni cinquecenteschi, respirando l'atmosfera vivace di una citt\u00e0 che fonde sapientemente passato e presente.\n<\/div>\n<\/div><div class=\"bde-div-1491-544 bde-div\">\n              \n  \n  \n\t\n\n  <div class=\"section-background-overlay\"><\/div>\n\n\n<h3 class=\"bde-heading-1491-545 bde-heading\">\nRiserva Naturale dello Stagnone\n<\/h3><div class=\"bde-text-1491-546 bde-text\">\nUno dei luoghi pi\u00f9 suggestivi al mondo, dove la laguna incontra il cielo. La Riserva dello Stagnone \u00e8 un paradiso per la fotografia, il relax e gli amanti del Kitesurf, che qui trovano uno degli spot migliori d'Europa grazie ai venti costanti e alle acque basse.\n<\/div>\n<\/div><div class=\"bde-div-1491-528 bde-div\">\n              \n  \n  \n\t\n\n  <div class=\"section-background-overlay\"><\/div>\n\n\n<h3 class=\"bde-heading-1491-529 bde-heading\">\nLe Saline di Marsala\n<\/h3><div class=\"bde-text-1491-530 bde-text\">\nVivi la magia dell\u2019\"oro bianco\". Le storiche saline, con i loro iconici mulini a vento e i candidi cumuli di sale, offrono uno spettacolo unico, specialmente al calar del sole quando le vasche si tingono di rosa e arancio. \u00c8 il luogo perfetto per una passeggiata rigenerante o un aperitivo panoramico.\n<\/div>\n<\/div><div class=\"bde-div-1491-531 bde-div\">\n              \n  \n  \n\t\n\n  <div class=\"section-background-overlay\"><\/div>\n\n\n<h3 class=\"bde-heading-1491-532 bde-heading\">\nIsola di Mozia (San Pantaleo)\n<\/h3><div class=\"bde-text-1491-533 bde-text\">\nUn\u2019antica colonia fenicia sospesa nel tempo, raggiungibile con un breve tragitto in barca. Mozia \u00e8 un museo a cielo aperto dove potrai camminare tra scavi archeologici millenari e ammirare il celebre \"Giovinetto di Mozia\", immerso in una natura selvaggia e silenziosa.\n<\/div>\n<\/div><div class=\"bde-div-1491-547 bde-div\">\n              \n  \n  \n\t\n\n  <div class=\"section-background-overlay\"><\/div>\n\n\n<h3 class=\"bde-heading-1491-548 bde-heading\">\nIsole Egadi\n<\/h3><div class=\"bde-text-1491-549 bde-text\">\nUn arcipelago leggendario a pochi minuti di aliscafo dal porto di Marsala. Favignana, Levanzo e Marettimo sono perle incastonate nel blu, dove potrai tuffarti in acque turchesi, esplorare grotte marine o perderti tra i vicoli delle case bianche dei pescatori. Un\u2019escursione imperdibile per chi cerca la quintessenza del mare siciliano e panorami mozzafiato.\n<\/div>\n<\/div><div class=\"bde-div-1491-550 bde-div\">\n              \n  \n  \n\t\n\n  <div class=\"section-background-overlay\"><\/div>\n\n\n<h3 class=\"bde-heading-1491-551 bde-heading\">\nSpiagge Marsalesi\n<\/h3><div class=\"bde-text-1491-552 bde-text\">\nChilometri di sabbia dorata e fondali bassi che sfumano dal verde smeraldo al blu intenso. Il litorale sud di Marsala \u00e8 un paradiso per gli amanti del sole, perfetto sia per chi cerca il comfort dei lidi attrezzati, sia per chi preferisce la libert\u00e0 delle zone pi\u00f9 selvagge. Una costa baciata dal vento e dalla luce, ideale per lunghe passeggiate e giornate di puro relax in famiglia.\n<\/div>\n<\/div>\n<\/div><div class=\"bde-div-1491-534 bde-div\">\n              \n  \n  \n\t\n\n  <div class=\"section-background-overlay\"><\/div>\n\n\n<h3 class=\"bde-heading-1491-535 bde-heading\">\nWine Tour nelle Cantine Storiche\n<\/h3><div class=\"bde-text-1491-536 bde-text\">\nIl nome Marsala \u00e8 indissolubilmente legato al suo vino leggendario. Visita le storiche cantine come Florio o Pellegrino per perderti tra maestose bottaie e scoprire i segreti della vinificazione, concludendo il tour con degustazioni che celebrano l'eccellenza enogastronomica locale.\n<\/div>\n<\/div><div class=\"bde-div-1491-537 bde-div\">\n  \n  \n\t\n\n\n\n<div class=\"bde-div-1491-538 bde-div\">\n  \n  \n\t\n\n\n\n<h4 class=\"bde-heading-1491-539 bde-heading\">\nVuoi pi\u00f9 informazioni su cosa fare nei dintorni?\n<\/h4><div class=\"bde-text-1491-540 bde-text\">\nSaremo felici di aiutarti e indicarti le migliori esperienze per un soggiorno indimenticabile\n<\/div>\n<\/div><div class=\"bde-div-1491-541 bde-div\">\n  \n  \n\t\n\n\n\n<div class=\"bde-button-1491-542 bde-button\">\n    \n                        \n                        \n    \n    \n    \n    \n            \n                    \n            \n            \n\n    \n    \n    \n    \n    \n    <a class=\"breakdance-link button-atom button-atom--secondary bde-button__button\" href=\"https:\/\/sisosahomes.it\/en\/contacts\/\" target=\"_blank\" data-type=\"url\"  >\n\n    \n        <span class=\"button-atom__text\">Contact us now<\/span>\n\n        \n        \n                <\/a>\n\n    \n\n\n<\/div>\n<\/div>\n<\/div><\/div>\n<\/section>","protected":false},"excerpt":{"rendered":"<p>Esperienze Sisosa Homes \u00e8 un punto di partenza per scoprire tramonti infuocati sulle saline, degustazioni di vini leggendari e acque cristalline. Centro storico di Marsala Il cuore pulsante della citt\u00e0 \u00e8 un salotto di marmo e storia. Passeggiando lungo via XI Maggio (il Cassaro), potrai ammirare la maestosit\u00e0 del Duomo, i palazzi nobiliari e i [&hellip;]<\/p>\n","protected":false},"author":2,"featured_media":0,"parent":0,"menu_order":0,"comment_status":"closed","ping_status":"closed","template":"","meta":{"_breakdance_hide_in_design_set":false,"_breakdance_tags":"","footnotes":""},"class_list":["post-1491","page","type-page","status-publish","hentry"],"_links":{"self":[{"href":"https:\/\/sisosahomes.it\/en\/wp-json\/wp\/v2\/pages\/1491","targetHints":{"allow":["GET"]}}],"collection":[{"href":"https:\/\/sisosahomes.it\/en\/wp-json\/wp\/v2\/pages"}],"about":[{"href":"https:\/\/sisosahomes.it\/en\/wp-json\/wp\/v2\/types\/page"}],"author":[{"embeddable":true,"href":"https:\/\/sisosahomes.it\/en\/wp-json\/wp\/v2\/users\/2"}],"replies":[{"embeddable":true,"href":"https:\/\/sisosahomes.it\/en\/wp-json\/wp\/v2\/comments?post=1491"}],"version-history":[{"count":160,"href":"https:\/\/sisosahomes.it\/en\/wp-json\/wp\/v2\/pages\/1491\/revisions"}],"predecessor-version":[{"id":3608,"href":"https:\/\/sisosahomes.it\/en\/wp-json\/wp\/v2\/pages\/1491\/revisions\/3608"}],"wp:attachment":[{"href":"https:\/\/sisosahomes.it\/en\/wp-json\/wp\/v2\/media?parent=1491"}],"curies":[{"name":"wp","href":"https:\/\/api.w.org\/{rel}","templated":true}]}}